{"id":80237,"date":"2025-07-28T16:50:07","date_gmt":"2025-07-28T14:50:07","guid":{"rendered":"https:\/\/staging.remotesensei.org\/wybierz-date-sesji-strategicznej\/"},"modified":"2025-10-12T10:26:06","modified_gmt":"2025-10-12T08:26:06","slug":"wybierz-date-sesji-klarownosci","status":"publish","type":"page","link":"https:\/\/staging.remotesensei.org\/pl\/wybierz-date-sesji-klarownosci\/","title":{"rendered":"Wybierz termin bezp\u0142atnej Sesji Klarnowno\u015bci"},"content":{"rendered":"\t\t<div data-elementor-type=\"wp-page\" data-elementor-id=\"80237\" class=\"elementor elementor-80237 elementor-80231\" data-elementor-post-type=\"page\">\n\t\t\t\t<div class=\"elementor-element elementor-element-ce98bd6 e-con-full e-flex rrdevs-custom-animation-no e-con e-parent\" data-id=\"ce98bd6\" data-element_type=\"container\" data-e-type=\"container\" data-settings=\"{&quot;animation_on&quot;:&quot;no&quot;}\">\n\t\t<div class=\"elementor-element elementor-element-5fea802 e-con-full e-flex rrdevs-custom-animation-no e-con e-child\" data-id=\"5fea802\" data-element_type=\"container\" data-e-type=\"container\" data-settings=\"{&quot;animation_on&quot;:&quot;no&quot;}\">\n\t\t\t\t<div class=\"elementor-element elementor-element-0a6d62b RRdevs-addons-sticky-no elementor-widget elementor-widget-heading\" data-id=\"0a6d62b\" data-element_type=\"widget\" data-e-type=\"widget\" data-settings=\"{&quot;rrdevs_sticky&quot;:&quot;no&quot;}\" data-widget_type=\"heading.default\">\n\t\t\t\t<div class=\"elementor-widget-container\">\n\t\t\t\t\t<h1 class=\"elementor-heading-title elementor-size-default\">Wybierz termin bezp\u0142atnej Sesji Klarowno\u015bci<\/h1>\t\t\t\t<\/div>\n\t\t\t\t<\/div>\n\t\t\t\t<\/div>\n\t\t\t\t<div class=\"elementor-element elementor-element-a07f30e elementor-widget__width-inherit RRdevs-addons-sticky-no elementor-widget elementor-widget-html\" data-id=\"a07f30e\" data-element_type=\"widget\" data-e-type=\"widget\" data-settings=\"{&quot;rrdevs_sticky&quot;:&quot;no&quot;}\" data-widget_type=\"html.default\">\n\t\t\t\t<div class=\"elementor-widget-container\">\n\t\t\t\t\t<div id=\"calendly-container\"><\/div>\n\n<script>\n  document.addEventListener('DOMContentLoaded', function () {\n    \/\/ const savedEmail = localStorage.getItem('user_email');\n    const baseUrl = 'https:\/\/calendly.com\/jackkryszkiewicz\/sesja-klarnownosci';\n    const urlParams = 'text_color=34383d&primary_color=35717d';\n\n    let fullUrl = baseUrl + '?' + urlParams;\n\n    \/\/ if (savedEmail) {\n    \/\/   fullUrl += '&email=' + encodeURIComponent(savedEmail);\n    \/\/ }\n\n    const widgetDiv = document.createElement('div');\n    widgetDiv.className = 'calendly-inline-widget';\n    widgetDiv.setAttribute('data-url', fullUrl);\n    widgetDiv.style.minWidth = '320px';\n    widgetDiv.style.height = '700px';\n\n    document.getElementById('calendly-container').appendChild(widgetDiv);\n\n    \/\/ \u041f\u043e\u0434\u043a\u043b\u044e\u0447\u0430\u0435\u043c \u0441\u043a\u0440\u0438\u043f\u0442 Calendly\n    const script = document.createElement('script');\n    script.src = 'https:\/\/assets.calendly.com\/assets\/external\/widget.js';\n    script.async = true;\n    document.body.appendChild(script);\n  });\n<\/script>\t\t\t\t<\/div>\n\t\t\t\t<\/div>\n\t\t\t\t<\/div>\n\t\t\t\t<\/div>\n\t\t","protected":false},"excerpt":{"rendered":"<p>Wybierz termin bezp\u0142atnej Sesji Klarowno\u015bci<\/p>\n","protected":false},"author":7,"featured_media":0,"parent":0,"menu_order":0,"comment_status":"closed","ping_status":"closed","template":"","meta":{"_acf_changed":false,"footnotes":""},"coauthors":[35],"class_list":["post-80237","page","type-page","status-publish","hentry"],"acf":[],"yoast_head":"<!-- This site is optimized with the Yoast SEO Premium plugin v21.6 (Yoast SEO v27.3) - https:\/\/yoast.com\/product\/yoast-seo-premium-wordpress\/ -->\n<title>Wybierz termin bezp\u0142atnej Sesji Klarnowno\u015bci - Remote Sensei<\/title>\n<meta name=\"robots\" content=\"noindex, follow, max-snippet:-1, max-image-preview:large, max-video-preview:-1\" \/>\n<meta property=\"og:locale\" content=\"pl_PL\" \/>\n<meta property=\"og:type\" content=\"article\" \/>\n<meta property=\"og:title\" content=\"Wybierz termin bezp\u0142atnej Sesji Klarnowno\u015bci\" \/>\n<meta property=\"og:description\" content=\"Wybierz termin bezp\u0142atnej Sesji Klarowno\u015bci\" \/>\n<meta property=\"og:url\" content=\"https:\/\/staging.remotesensei.org\/pl\/wybierz-date-sesji-klarownosci\/\" \/>\n<meta property=\"og:site_name\" content=\"Remote Sensei\" \/>\n<meta property=\"article:modified_time\" content=\"2025-10-12T08:26:06+00:00\" \/>\n<meta name=\"twitter:card\" content=\"summary_large_image\" \/>\n<meta name=\"twitter:label1\" content=\"Szacowany czas czytania\" \/>\n\t<meta name=\"twitter:data1\" content=\"1 minuta\" \/>\n\t<meta name=\"twitter:label2\" content=\"Written by\" \/>\n\t<meta name=\"twitter:data2\" content=\"Oskar Grochowalski\" \/>\n<script type=\"application\/ld+json\" class=\"yoast-schema-graph\">{\"@context\":\"https:\\\/\\\/schema.org\",\"@graph\":[{\"@type\":\"WebPage\",\"@id\":\"https:\\\/\\\/staging.remotesensei.org\\\/pl\\\/wybierz-date-sesji-klarownosci\\\/\",\"url\":\"https:\\\/\\\/staging.remotesensei.org\\\/pl\\\/wybierz-date-sesji-klarownosci\\\/\",\"name\":\"Wybierz termin bezp\u0142atnej Sesji Klarnowno\u015bci - Remote Sensei\",\"isPartOf\":{\"@id\":\"https:\\\/\\\/staging.remotesensei.org\\\/pl\\\/#website\"},\"datePublished\":\"2025-07-28T14:50:07+00:00\",\"dateModified\":\"2025-10-12T08:26:06+00:00\",\"breadcrumb\":{\"@id\":\"https:\\\/\\\/staging.remotesensei.org\\\/pl\\\/wybierz-date-sesji-klarownosci\\\/#breadcrumb\"},\"inLanguage\":\"pl-PL\",\"potentialAction\":[{\"@type\":\"ReadAction\",\"target\":[\"https:\\\/\\\/staging.remotesensei.org\\\/pl\\\/wybierz-date-sesji-klarownosci\\\/\"]}]},{\"@type\":\"BreadcrumbList\",\"@id\":\"https:\\\/\\\/staging.remotesensei.org\\\/pl\\\/wybierz-date-sesji-klarownosci\\\/#breadcrumb\",\"itemListElement\":[{\"@type\":\"ListItem\",\"position\":1,\"name\":\"Home\",\"item\":\"https:\\\/\\\/staging.remotesensei.org\\\/pl\\\/\"},{\"@type\":\"ListItem\",\"position\":2,\"name\":\"Wybierz termin bezp\u0142atnej Sesji Klarnowno\u015bci\"}]},{\"@type\":\"WebSite\",\"@id\":\"https:\\\/\\\/staging.remotesensei.org\\\/pl\\\/#website\",\"url\":\"https:\\\/\\\/staging.remotesensei.org\\\/pl\\\/\",\"name\":\"Remote Sensei\",\"description\":\"Cyfrowe transformacje z wykorzystaniem Asana, Slack, Slite\",\"publisher\":{\"@id\":\"https:\\\/\\\/staging.remotesensei.org\\\/pl\\\/#organization\"},\"potentialAction\":[{\"@type\":\"SearchAction\",\"target\":{\"@type\":\"EntryPoint\",\"urlTemplate\":\"https:\\\/\\\/staging.remotesensei.org\\\/pl\\\/?s={search_term_string}\"},\"query-input\":{\"@type\":\"PropertyValueSpecification\",\"valueRequired\":true,\"valueName\":\"search_term_string\"}}],\"inLanguage\":\"pl-PL\"},{\"@type\":\"Organization\",\"@id\":\"https:\\\/\\\/staging.remotesensei.org\\\/pl\\\/#organization\",\"name\":\"Remote Sensei\",\"url\":\"https:\\\/\\\/staging.remotesensei.org\\\/pl\\\/\",\"logo\":{\"@type\":\"ImageObject\",\"inLanguage\":\"pl-PL\",\"@id\":\"https:\\\/\\\/staging.remotesensei.org\\\/pl\\\/#\\\/schema\\\/logo\\\/image\\\/\",\"url\":\"https:\\\/\\\/staging.remotesensei.org\\\/wp-content\\\/uploads\\\/2024\\\/10\\\/square-logo-e1728549030172.png\",\"contentUrl\":\"https:\\\/\\\/staging.remotesensei.org\\\/wp-content\\\/uploads\\\/2024\\\/10\\\/square-logo-e1728549030172.png\",\"width\":901,\"height\":901,\"caption\":\"Remote Sensei\"},\"image\":{\"@id\":\"https:\\\/\\\/staging.remotesensei.org\\\/pl\\\/#\\\/schema\\\/logo\\\/image\\\/\"}}]}<\/script>\n<!-- \/ Yoast SEO Premium plugin. -->","yoast_head_json":{"title":"Wybierz termin bezp\u0142atnej Sesji Klarnowno\u015bci - Remote Sensei","robots":{"index":"noindex","follow":"follow","max-snippet":"max-snippet:-1","max-image-preview":"max-image-preview:large","max-video-preview":"max-video-preview:-1"},"og_locale":"pl_PL","og_type":"article","og_title":"Wybierz termin bezp\u0142atnej Sesji Klarnowno\u015bci","og_description":"Wybierz termin bezp\u0142atnej Sesji Klarowno\u015bci","og_url":"https:\/\/staging.remotesensei.org\/pl\/wybierz-date-sesji-klarownosci\/","og_site_name":"Remote Sensei","article_modified_time":"2025-10-12T08:26:06+00:00","twitter_card":"summary_large_image","twitter_misc":{"Szacowany czas czytania":"1 minuta","Written by":"Oskar Grochowalski"},"schema":{"@context":"https:\/\/schema.org","@graph":[{"@type":"WebPage","@id":"https:\/\/staging.remotesensei.org\/pl\/wybierz-date-sesji-klarownosci\/","url":"https:\/\/staging.remotesensei.org\/pl\/wybierz-date-sesji-klarownosci\/","name":"Wybierz termin bezp\u0142atnej Sesji Klarnowno\u015bci - Remote Sensei","isPartOf":{"@id":"https:\/\/staging.remotesensei.org\/pl\/#website"},"datePublished":"2025-07-28T14:50:07+00:00","dateModified":"2025-10-12T08:26:06+00:00","breadcrumb":{"@id":"https:\/\/staging.remotesensei.org\/pl\/wybierz-date-sesji-klarownosci\/#breadcrumb"},"inLanguage":"pl-PL","potentialAction":[{"@type":"ReadAction","target":["https:\/\/staging.remotesensei.org\/pl\/wybierz-date-sesji-klarownosci\/"]}]},{"@type":"BreadcrumbList","@id":"https:\/\/staging.remotesensei.org\/pl\/wybierz-date-sesji-klarownosci\/#breadcrumb","itemListElement":[{"@type":"ListItem","position":1,"name":"Home","item":"https:\/\/staging.remotesensei.org\/pl\/"},{"@type":"ListItem","position":2,"name":"Wybierz termin bezp\u0142atnej Sesji Klarnowno\u015bci"}]},{"@type":"WebSite","@id":"https:\/\/staging.remotesensei.org\/pl\/#website","url":"https:\/\/staging.remotesensei.org\/pl\/","name":"Remote Sensei","description":"Cyfrowe transformacje z wykorzystaniem Asana, Slack, Slite","publisher":{"@id":"https:\/\/staging.remotesensei.org\/pl\/#organization"},"potentialAction":[{"@type":"SearchAction","target":{"@type":"EntryPoint","urlTemplate":"https:\/\/staging.remotesensei.org\/pl\/?s={search_term_string}"},"query-input":{"@type":"PropertyValueSpecification","valueRequired":true,"valueName":"search_term_string"}}],"inLanguage":"pl-PL"},{"@type":"Organization","@id":"https:\/\/staging.remotesensei.org\/pl\/#organization","name":"Remote Sensei","url":"https:\/\/staging.remotesensei.org\/pl\/","logo":{"@type":"ImageObject","inLanguage":"pl-PL","@id":"https:\/\/staging.remotesensei.org\/pl\/#\/schema\/logo\/image\/","url":"https:\/\/staging.remotesensei.org\/wp-content\/uploads\/2024\/10\/square-logo-e1728549030172.png","contentUrl":"https:\/\/staging.remotesensei.org\/wp-content\/uploads\/2024\/10\/square-logo-e1728549030172.png","width":901,"height":901,"caption":"Remote Sensei"},"image":{"@id":"https:\/\/staging.remotesensei.org\/pl\/#\/schema\/logo\/image\/"}}]}},"_links":{"self":[{"href":"https:\/\/staging.remotesensei.org\/pl\/wp-json\/wp\/v2\/pages\/80237","targetHints":{"allow":["GET"]}}],"collection":[{"href":"https:\/\/staging.remotesensei.org\/pl\/wp-json\/wp\/v2\/pages"}],"about":[{"href":"https:\/\/staging.remotesensei.org\/pl\/wp-json\/wp\/v2\/types\/page"}],"author":[{"embeddable":true,"href":"https:\/\/staging.remotesensei.org\/pl\/wp-json\/wp\/v2\/users\/7"}],"replies":[{"embeddable":true,"href":"https:\/\/staging.remotesensei.org\/pl\/wp-json\/wp\/v2\/comments?post=80237"}],"version-history":[{"count":3,"href":"https:\/\/staging.remotesensei.org\/pl\/wp-json\/wp\/v2\/pages\/80237\/revisions"}],"predecessor-version":[{"id":82255,"href":"https:\/\/staging.remotesensei.org\/pl\/wp-json\/wp\/v2\/pages\/80237\/revisions\/82255"}],"wp:attachment":[{"href":"https:\/\/staging.remotesensei.org\/pl\/wp-json\/wp\/v2\/media?parent=80237"}],"wp:term":[{"taxonomy":"author","embeddable":true,"href":"https:\/\/staging.remotesensei.org\/pl\/wp-json\/wp\/v2\/coauthors?post=80237"}],"curies":[{"name":"wp","href":"https:\/\/api.w.org\/{rel}","templated":true}]}}