{"id":25952,"date":"2022-05-31T14:09:06","date_gmt":"2022-05-31T12:09:06","guid":{"rendered":"https:\/\/staging.remotesensei.org\/?page_id=25952"},"modified":"2025-01-21T10:06:40","modified_gmt":"2025-01-21T09:06:40","slug":"rejestracja-sesja-strategiczna-webinar","status":"publish","type":"page","link":"https:\/\/staging.remotesensei.org\/pl\/rejestracja-sesja-strategiczna-webinar\/","title":{"rendered":"[Krok 1 z 2] Rejestracja na sesj\u0119 strategiczn\u0105 po webinarze"},"content":{"rendered":"\t\t<div data-elementor-type=\"wp-page\" data-elementor-id=\"25952\" class=\"elementor elementor-25952\" data-elementor-post-type=\"page\">\n\t\t\t\t\t\t<section class=\"elementor-section elementor-top-section elementor-element elementor-element-22c2067 elementor-section-boxed elementor-section-height-default elementor-section-height-default rrdevs-custom-animation-no RRdevs-addons-sticky-no\" data-id=\"22c2067\" data-element_type=\"section\" data-e-type=\"section\" data-settings=\"{&quot;animation_on&quot;:&quot;no&quot;,&quot;rrdevs_sticky&quot;:&quot;no&quot;}\">\n\t\t\t\t\t\t<div class=\"elementor-container elementor-column-gap-default\">\n\t\t\t\t\t<div class=\"elementor-column elementor-col-100 elementor-top-column elementor-element elementor-element-f6e338e\" data-id=\"f6e338e\" data-element_type=\"column\" data-e-type=\"column\">\n\t\t\t<div class=\"elementor-widget-wrap elementor-element-populated\">\n\t\t\t\t\t\t<div class=\"elementor-element elementor-element-c55aa8d RRdevs-addons-sticky-no elementor-widget elementor-widget-image\" data-id=\"c55aa8d\" data-element_type=\"widget\" data-e-type=\"widget\" data-settings=\"{&quot;rrdevs_sticky&quot;:&quot;no&quot;}\" data-widget_type=\"image.default\">\n\t\t\t\t<div class=\"elementor-widget-container\">\n\t\t\t\t\t\t\t\t\t\t\t\t\t\t\t<img decoding=\"async\" width=\"162\" height=\"52\" src=\"https:\/\/staging.remotesensei.org\/wp-content\/uploads\/2023\/03\/steps_1.png\" class=\"attachment-full size-full wp-image-35937\" alt=\"\" \/>\t\t\t\t\t\t\t\t\t\t\t\t\t\t\t<\/div>\n\t\t\t\t<\/div>\n\t\t\t\t<div class=\"elementor-element elementor-element-4cc773e RRdevs-addons-sticky-no elementor-widget elementor-widget-heading\" data-id=\"4cc773e\" data-element_type=\"widget\" data-e-type=\"widget\" data-settings=\"{&quot;rrdevs_sticky&quot;:&quot;no&quot;}\" data-widget_type=\"heading.default\">\n\t\t\t\t<div class=\"elementor-widget-container\">\n\t\t\t\t\t<h2 class=\"elementor-heading-title elementor-size-default\">Krok 1 z 2: odpowiedz na par\u0119 pyta\u0144, aby zarezerwowa\u0107 termin BEZP\u0141ATNEJ sesji strategicznej z Jackiem<\/h2>\t\t\t\t<\/div>\n\t\t\t\t<\/div>\n\t\t\t\t<div class=\"elementor-element elementor-element-2a0487e RRdevs-addons-sticky-no elementor-widget elementor-widget-text-editor\" data-id=\"2a0487e\" data-element_type=\"widget\" data-e-type=\"widget\" data-settings=\"{&quot;rrdevs_sticky&quot;:&quot;no&quot;}\" data-widget_type=\"text-editor.default\">\n\t\t\t\t<div class=\"elementor-widget-container\">\n\t\t\t\t\t\t\t\t\t<p>Twoje odpowiedzi pozwol\u0105 przygotowa\u0107 si\u0119 do naszego spotkania. Bez wype\u0142nionego formularza sesja si\u0119 nie odb\u0119dzie.<\/p><p>W drugim kroku mo\u017cesz wybra\u0107 dogodny dla Ciebie termin.<\/p>\t\t\t\t\t\t\t\t<\/div>\n\t\t\t\t<\/div>\n\t\t\t\t<section class=\"elementor-section elementor-inner-section elementor-element elementor-element-78891f0 elementor-section-boxed elementor-section-height-default elementor-section-height-default rrdevs-custom-animation-no RRdevs-addons-sticky-no\" data-id=\"78891f0\" data-element_type=\"section\" data-e-type=\"section\" data-settings=\"{&quot;animation_on&quot;:&quot;no&quot;,&quot;rrdevs_sticky&quot;:&quot;no&quot;}\">\n\t\t\t\t\t\t<div class=\"elementor-container elementor-column-gap-default\">\n\t\t\t\t\t<div class=\"elementor-column elementor-col-50 elementor-inner-column elementor-element elementor-element-6ed3ad9\" data-id=\"6ed3ad9\" data-element_type=\"column\" data-e-type=\"column\">\n\t\t\t<div class=\"elementor-widget-wrap elementor-element-populated\">\n\t\t\t\t\t\t<div class=\"elementor-element elementor-element-f12288a RRdevs-addons-sticky-no elementor-widget elementor-widget-image\" data-id=\"f12288a\" data-element_type=\"widget\" data-e-type=\"widget\" data-settings=\"{&quot;rrdevs_sticky&quot;:&quot;no&quot;}\" data-widget_type=\"image.default\">\n\t\t\t\t<div class=\"elementor-widget-container\">\n\t\t\t\t\t\t\t\t\t\t\t\t\t\t\t<img decoding=\"async\" width=\"166\" height=\"193\" src=\"https:\/\/staging.remotesensei.org\/wp-content\/uploads\/2022\/05\/image-10-1.png\" class=\"attachment-full size-full wp-image-25976\" alt=\"\" \/>\t\t\t\t\t\t\t\t\t\t\t\t\t\t\t<\/div>\n\t\t\t\t<\/div>\n\t\t\t\t<div class=\"elementor-element elementor-element-e4209de RRdevs-addons-sticky-no elementor-widget elementor-widget-heading\" data-id=\"e4209de\" data-element_type=\"widget\" data-e-type=\"widget\" data-settings=\"{&quot;rrdevs_sticky&quot;:&quot;no&quot;}\" data-widget_type=\"heading.default\">\n\t\t\t\t<div class=\"elementor-widget-container\">\n\t\t\t\t\t<h4 class=\"elementor-heading-title elementor-size-default\">Jacek Kryszkiewicz<\/h4>\t\t\t\t<\/div>\n\t\t\t\t<\/div>\n\t\t\t\t<div class=\"elementor-element elementor-element-93b8739 RRdevs-addons-sticky-no elementor-widget elementor-widget-text-editor\" data-id=\"93b8739\" data-element_type=\"widget\" data-e-type=\"widget\" data-settings=\"{&quot;rrdevs_sticky&quot;:&quot;no&quot;}\" data-widget_type=\"text-editor.default\">\n\t\t\t\t<div class=\"elementor-widget-container\">\n\t\t\t\t\t\t\t\t\t<p>G\u0142\u00f3wny strateg<\/p>\t\t\t\t\t\t\t\t<\/div>\n\t\t\t\t<\/div>\n\t\t\t\t\t<\/div>\n\t\t<\/div>\n\t\t\t\t<div class=\"elementor-column elementor-col-50 elementor-inner-column elementor-element elementor-element-98c3049\" data-id=\"98c3049\" data-element_type=\"column\" data-e-type=\"column\">\n\t\t\t<div class=\"elementor-widget-wrap elementor-element-populated\">\n\t\t\t\t\t\t<div class=\"elementor-element elementor-element-67fc16e yello_btn_style_form track_form_btn elementor-button-align-stretch RRdevs-addons-sticky-no elementor-widget elementor-widget-form\" data-id=\"67fc16e\" data-element_type=\"widget\" data-e-type=\"widget\" id=\"floating_form\" data-settings=\"{&quot;step_next_label&quot;:&quot;Next&quot;,&quot;step_previous_label&quot;:&quot;Previous&quot;,&quot;button_width&quot;:&quot;100&quot;,&quot;step_type&quot;:&quot;number_text&quot;,&quot;step_icon_shape&quot;:&quot;circle&quot;,&quot;rrdevs_sticky&quot;:&quot;no&quot;}\" data-widget_type=\"form.default\">\n\t\t\t\t<div class=\"elementor-widget-container\">\n\t\t\t\t\t\t\t<form class=\"elementor-form\" method=\"post\" id=\"rezerwacja_sesji\" name=\"New Form\" aria-label=\"New Form\">\n\t\t\t<input type=\"hidden\" name=\"post_id\" value=\"25952\"\/>\n\t\t\t<input type=\"hidden\" name=\"form_id\" value=\"67fc16e\"\/>\n\t\t\t<input type=\"hidden\" name=\"referer_title\" value=\"[Krok 1 z 2] Rejestracja na sesj\u0119 strategiczn\u0105 po webinarze - Remote Sensei\" \/>\n\n\t\t\t\t\t\t\t<input type=\"hidden\" name=\"queried_id\" value=\"25952\"\/>\n\t\t\t\n\t\t\t<div class=\"elementor-form-fields-wrapper elementor-labels-above\">\n\t\t\t\t\t\t\t\t<div class=\"elementor-field-type-html elementor-field-group elementor-column elementor-field-group-field_c848583 elementor-col-100\">\n\t\t\t\t\tTwoje imi\u0119\t\t\t\t<\/div>\n\t\t\t\t\t\t\t\t<div class=\"elementor-field-type-text elementor-field-group elementor-column elementor-field-group-firstname elementor-col-40 elementor-field-required\">\n\t\t\t\t\t\t\t\t\t\t\t\t<label for=\"form-field-firstname\" class=\"elementor-field-label\">\n\t\t\t\t\t\t\t\tWpisz imi\u0119...\t\t\t\t\t\t\t<\/label>\n\t\t\t\t\t\t\t\t\t\t\t\t\t\t<input size=\"1\" type=\"text\" name=\"form_fields[firstname]\" id=\"form-field-firstname\" class=\"elementor-field elementor-size-md  elementor-field-textual\" required=\"required\">\n\t\t\t\t\t\t\t\t\t\t\t<\/div>\n\t\t\t\t\t\t\t\t<div class=\"elementor-field-type-text elementor-field-group elementor-column elementor-field-group-lastname elementor-col-60\">\n\t\t\t\t\t\t\t\t\t\t\t\t<label for=\"form-field-lastname\" class=\"elementor-field-label\">\n\t\t\t\t\t\t\t\t... i nazwisko\t\t\t\t\t\t\t<\/label>\n\t\t\t\t\t\t\t\t\t\t\t\t\t\t<input size=\"1\" type=\"text\" name=\"form_fields[lastname]\" id=\"form-field-lastname\" class=\"elementor-field elementor-size-md  elementor-field-textual\">\n\t\t\t\t\t\t\t\t\t\t\t<\/div>\n\t\t\t\t\t\t\t\t<div class=\"elementor-field-type-html elementor-field-group elementor-column elementor-field-group-field_8e35bc7 elementor-col-100\">\n\t\t\t\t\tAdres email\t\t\t\t<\/div>\n\t\t\t\t\t\t\t\t<div class=\"elementor-field-type-email elementor-field-group elementor-column elementor-field-group-email elementor-col-100 elementor-field-required\">\n\t\t\t\t\t\t\t\t\t\t\t\t<label for=\"form-field-email\" class=\"elementor-field-label\">\n\t\t\t\t\t\t\t\tWpisz firmowy adres mailowy\t\t\t\t\t\t\t<\/label>\n\t\t\t\t\t\t\t\t\t\t\t\t\t\t<input size=\"1\" type=\"email\" name=\"form_fields[email]\" id=\"form-field-email\" class=\"elementor-field elementor-size-md  elementor-field-textual\" required=\"required\">\n\t\t\t\t\t\t\t\t\t\t\t<\/div>\n\t\t\t\t\t\t\t\t<div class=\"elementor-field-type-html elementor-field-group elementor-column elementor-field-group-field_35145f8 elementor-col-100\">\n\t\t\t\t\tAdres strony internetowej\t\t\t\t<\/div>\n\t\t\t\t\t\t\t\t<div class=\"elementor-field-type-text elementor-field-group elementor-column elementor-field-group-url elementor-col-100 elementor-field-required\">\n\t\t\t\t\t\t\t\t\t\t\t\t<label for=\"form-field-url\" class=\"elementor-field-label\">\n\t\t\t\t\t\t\t\tWpisz adres, aby\u015bmy mogli pozna\u0107 Tw\u00f3j biznes\t\t\t\t\t\t\t<\/label>\n\t\t\t\t\t\t\t\t\t\t\t\t\t\t<input size=\"1\" type=\"text\" name=\"form_fields[url]\" id=\"form-field-url\" class=\"elementor-field elementor-size-md  elementor-field-textual\" required=\"required\">\n\t\t\t\t\t\t\t\t\t\t\t<\/div>\n\t\t\t\t\t\t\t\t<div class=\"elementor-field-type-radio elementor-field-group elementor-column elementor-field-group-field_39ab798 elementor-col-100\">\n\t\t\t\t\t\t\t\t\t\t\t\t<label for=\"form-field-field_39ab798\" class=\"elementor-field-label\">\n\t\t\t\t\t\t\t\tJak jest wielko\u015b\u0107 Twojej organizacji\/zespo\u0142u, gdzie chcesz wdro\u017cy\u0107 Asan\u0119?\t\t\t\t\t\t\t<\/label>\n\t\t\t\t\t\t<div class=\"elementor-field-subgroup  \"><span class=\"elementor-field-option\"><input type=\"radio\" value=\"&lt;10\" id=\"form-field-field_39ab798-0\" name=\"form_fields[field_39ab798]\"> <label for=\"form-field-field_39ab798-0\">mniej ni\u017c 10 os\u00f3b<\/label><\/span><span class=\"elementor-field-option\"><input type=\"radio\" value=\"&lt;50\" id=\"form-field-field_39ab798-1\" name=\"form_fields[field_39ab798]\"> <label for=\"form-field-field_39ab798-1\">mniej ni\u017c 50 os\u00f3b<\/label><\/span><span class=\"elementor-field-option\"><input type=\"radio\" value=\"&lt;100\" id=\"form-field-field_39ab798-2\" name=\"form_fields[field_39ab798]\"> <label for=\"form-field-field_39ab798-2\">mniej ni\u017c 100 os\u00f3b<\/label><\/span><span class=\"elementor-field-option\"><input type=\"radio\" value=\"&gt;100\" id=\"form-field-field_39ab798-3\" name=\"form_fields[field_39ab798]\"> <label for=\"form-field-field_39ab798-3\">powy\u017cej 100 os\u00f3b<\/label><\/span><\/div>\t\t\t\t<\/div>\n\t\t\t\t\t\t\t\t<div class=\"elementor-field-type-text\">\n\t\t\t\t\t<input size=\"1\" type=\"text\" name=\"form_fields[field_ebcd639]\" id=\"form-field-field_ebcd639\" class=\"elementor-field elementor-size-md \" style=\"display:none !important;\">\t\t\t\t<\/div>\n\t\t\t\t\t\t\t\t<div class=\"elementor-field-type-acceptance elementor-field-group elementor-column elementor-field-group-field_7a3e5a9 elementor-col-100 elementor-field-required\">\n\t\t\t\t\t\t\t\t\t\t\t\t<label for=\"form-field-field_7a3e5a9\" class=\"elementor-field-label\">\n\t\t\t\t\t\t\t\tAcceptance\t\t\t\t\t\t\t<\/label>\n\t\t\t\t\t\t\t\t<div class=\"elementor-field-subgroup\">\n\t\t\t<span class=\"elementor-field-option\">\n\t\t\t\t<input type=\"checkbox\" name=\"form_fields[field_7a3e5a9]\" id=\"form-field-field_7a3e5a9\" class=\"elementor-field elementor-size-md  elementor-acceptance-field\" required=\"required\">\n\t\t\t\t<label for=\"form-field-field_7a3e5a9\">Przeczyta\u0142em\/am jak Remote Sensei dba o bezpiecze\u0144stwo moich danych w <a href=\"https:\/\/remotesensei.org\/pl\/polityka-prywatnosci\/\" target=\"_blank\">Polityce prywatno\u015bci<\/a>.<\/label>\t\t\t<\/span>\n\t\t<\/div>\n\t\t\t\t\t\t<\/div>\n\t\t\t\t\t\t\t\t<div class=\"elementor-field-type-text\">\n\t\t\t\t\t<input size=\"1\" type=\"text\" name=\"form_fields[field_7e71285]\" id=\"form-field-field_7e71285\" class=\"elementor-field elementor-size-md \" style=\"display:none !important;\">\t\t\t\t<\/div>\n\t\t\t\t\t\t\t\t<div class=\"elementor-field-group elementor-column elementor-field-type-submit elementor-col-100 e-form__buttons\">\n\t\t\t\t\t<button class=\"elementor-button elementor-size-sm\" type=\"submit\" id=\"yello_btn_style\">\n\t\t\t\t\t\t<span class=\"elementor-button-content-wrapper\">\n\t\t\t\t\t\t\t\t\t\t\t\t\t\t\t<span class=\"elementor-button-icon\">\n\t\t\t\t\t\t\t\t\t<i aria-hidden=\"true\" class=\"far fa-arrow-right\"><\/i>\t\t\t\t\t\t\t\t\t\t\t\t\t\t\t\t\t<\/span>\n\t\t\t\t\t\t\t\t\t\t\t\t\t\t\t\t\t\t\t\t\t\t<span class=\"elementor-button-text\">Wy\u015blij odpowiedzi<\/span>\n\t\t\t\t\t\t\t\t\t\t\t\t\t<\/span>\n\t\t\t\t\t<\/button>\n\t\t\t\t<\/div>\n\t\t\t<\/div>\n\t\t<\/form>\n\t\t\t\t\t\t<\/div>\n\t\t\t\t<\/div>\n\t\t\t\t<div class=\"elementor-element elementor-element-3830ec4 RRdevs-addons-sticky-no elementor-widget elementor-widget-text-editor\" data-id=\"3830ec4\" data-element_type=\"widget\" data-e-type=\"widget\" data-settings=\"{&quot;rrdevs_sticky&quot;:&quot;no&quot;}\" data-widget_type=\"text-editor.default\">\n\t\t\t\t<div class=\"elementor-widget-container\">\n\t\t\t\t\t\t\t\t\t<p><span style=\"white-space: pre-wrap;\">i przejd\u017a do rezerwacji terminu sesji<\/span><\/p>\t\t\t\t\t\t\t\t<\/div>\n\t\t\t\t<\/div>\n\t\t\t\t\t<\/div>\n\t\t<\/div>\n\t\t\t\t\t<\/div>\n\t\t<\/section>\n\t\t\t\t\t<\/div>\n\t\t<\/div>\n\t\t\t\t\t<\/div>\n\t\t<\/section>\n\t\t\t\t<\/div>\n\t\t","protected":false},"excerpt":{"rendered":"<p>Krok 1 z 2: odpowiedz na par\u0119 pyta\u0144, aby zarezerwowa\u0107 termin BEZP\u0141ATNEJ sesji strategicznej z Jackiem Twoje odpowiedzi pozwol\u0105 przygotowa\u0107 si\u0119 do naszego spotkania. Bez wype\u0142nionego formularza sesja si\u0119 nie odb\u0119dzie. W drugim kroku mo\u017cesz wybra\u0107 dogodny dla Ciebie termin. Jacek Kryszkiewicz G\u0142\u00f3wny strateg i przejd\u017a do rezerwacji terminu sesji<\/p>\n","protected":false},"author":1,"featured_media":26462,"parent":0,"menu_order":0,"comment_status":"closed","ping_status":"closed","template":"elementor_header_footer","meta":{"_acf_changed":false,"footnotes":""},"coauthors":[],"class_list":["post-25952","page","type-page","status-publish","has-post-thumbnail","hentry"],"acf":[],"yoast_head":"<!-- This site is optimized with the Yoast SEO Premium plugin v21.6 (Yoast SEO v27.3) - https:\/\/yoast.com\/product\/yoast-seo-premium-wordpress\/ -->\n<title>[Krok 1 z 2] Rejestracja na sesj\u0119 strategiczn\u0105 po webinarze - Remote Sensei<\/title>\n<meta name=\"description\" content=\"Wype\u0142nij formularz, \u017ceby um\u00f3wi\u0107 si\u0119 z ze strategiem Remote Sensei.\" \/>\n<meta name=\"robots\" content=\"noindex, follow, max-snippet:-1, max-image-preview:large, max-video-preview:-1\" \/>\n<meta property=\"og:locale\" content=\"pl_PL\" \/>\n<meta property=\"og:type\" content=\"article\" \/>\n<meta property=\"og:title\" content=\"[Krok 1 z 2] Rejestracja na sesj\u0119 strategiczn\u0105 po webinarze\" \/>\n<meta property=\"og:description\" content=\"Wype\u0142nij formularz, \u017ceby um\u00f3wi\u0107 si\u0119 z ze strategiem Remote Sensei.\" \/>\n<meta property=\"og:url\" content=\"https:\/\/staging.remotesensei.org\/pl\/rejestracja-sesja-strategiczna-webinar\/\" \/>\n<meta property=\"og:site_name\" content=\"Remote Sensei\" \/>\n<meta property=\"article:modified_time\" content=\"2025-01-21T09:06:40+00:00\" \/>\n<meta property=\"og:image\" content=\"https:\/\/staging.remotesensei.org\/wp-content\/uploads\/2022\/06\/featured-image-rezerwacja-terminu.webp\" \/>\n\t<meta property=\"og:image:width\" content=\"1200\" \/>\n\t<meta property=\"og:image:height\" content=\"630\" \/>\n\t<meta property=\"og:image:type\" content=\"image\/webp\" \/>\n<meta name=\"twitter:card\" content=\"summary_large_image\" \/>\n<meta name=\"twitter:label1\" content=\"Szacowany czas czytania\" \/>\n\t<meta name=\"twitter:data1\" content=\"2 minuty\" \/>\n\t<meta name=\"twitter:label2\" content=\"Written by\" \/>\n\t<meta name=\"twitter:data2\" content=\"rubendev\" \/>\n<script type=\"application\/ld+json\" class=\"yoast-schema-graph\">{\"@context\":\"https:\\\/\\\/schema.org\",\"@graph\":[{\"@type\":\"WebPage\",\"@id\":\"https:\\\/\\\/staging.remotesensei.org\\\/pl\\\/rejestracja-sesja-strategiczna-webinar\\\/\",\"url\":\"https:\\\/\\\/staging.remotesensei.org\\\/pl\\\/rejestracja-sesja-strategiczna-webinar\\\/\",\"name\":\"[Krok 1 z 2] Rejestracja na sesj\u0119 strategiczn\u0105 po webinarze - Remote Sensei\",\"isPartOf\":{\"@id\":\"https:\\\/\\\/staging.remotesensei.org\\\/pl\\\/#website\"},\"primaryImageOfPage\":{\"@id\":\"https:\\\/\\\/staging.remotesensei.org\\\/pl\\\/rejestracja-sesja-strategiczna-webinar\\\/#primaryimage\"},\"image\":{\"@id\":\"https:\\\/\\\/staging.remotesensei.org\\\/pl\\\/rejestracja-sesja-strategiczna-webinar\\\/#primaryimage\"},\"thumbnailUrl\":\"https:\\\/\\\/staging.remotesensei.org\\\/wp-content\\\/uploads\\\/2022\\\/06\\\/featured-image-rezerwacja-terminu.webp\",\"datePublished\":\"2022-05-31T12:09:06+00:00\",\"dateModified\":\"2025-01-21T09:06:40+00:00\",\"description\":\"Wype\u0142nij formularz, \u017ceby um\u00f3wi\u0107 si\u0119 z ze strategiem Remote Sensei.\",\"breadcrumb\":{\"@id\":\"https:\\\/\\\/staging.remotesensei.org\\\/pl\\\/rejestracja-sesja-strategiczna-webinar\\\/#breadcrumb\"},\"inLanguage\":\"pl-PL\",\"potentialAction\":[{\"@type\":\"ReadAction\",\"target\":[\"https:\\\/\\\/staging.remotesensei.org\\\/pl\\\/rejestracja-sesja-strategiczna-webinar\\\/\"]}]},{\"@type\":\"ImageObject\",\"inLanguage\":\"pl-PL\",\"@id\":\"https:\\\/\\\/staging.remotesensei.org\\\/pl\\\/rejestracja-sesja-strategiczna-webinar\\\/#primaryimage\",\"url\":\"https:\\\/\\\/staging.remotesensei.org\\\/wp-content\\\/uploads\\\/2022\\\/06\\\/featured-image-rezerwacja-terminu.webp\",\"contentUrl\":\"https:\\\/\\\/staging.remotesensei.org\\\/wp-content\\\/uploads\\\/2022\\\/06\\\/featured-image-rezerwacja-terminu.webp\",\"width\":1200,\"height\":630},{\"@type\":\"BreadcrumbList\",\"@id\":\"https:\\\/\\\/staging.remotesensei.org\\\/pl\\\/rejestracja-sesja-strategiczna-webinar\\\/#breadcrumb\",\"itemListElement\":[{\"@type\":\"ListItem\",\"position\":1,\"name\":\"Home\",\"item\":\"https:\\\/\\\/staging.remotesensei.org\\\/pl\\\/\"},{\"@type\":\"ListItem\",\"position\":2,\"name\":\"[Krok 1 z 2] Rejestracja na sesj\u0119 strategiczn\u0105 po webinarze\"}]},{\"@type\":\"WebSite\",\"@id\":\"https:\\\/\\\/staging.remotesensei.org\\\/pl\\\/#website\",\"url\":\"https:\\\/\\\/staging.remotesensei.org\\\/pl\\\/\",\"name\":\"Remote Sensei\",\"description\":\"Cyfrowe transformacje z wykorzystaniem Asana, Slack, Slite\",\"publisher\":{\"@id\":\"https:\\\/\\\/staging.remotesensei.org\\\/pl\\\/#organization\"},\"potentialAction\":[{\"@type\":\"SearchAction\",\"target\":{\"@type\":\"EntryPoint\",\"urlTemplate\":\"https:\\\/\\\/staging.remotesensei.org\\\/pl\\\/?s={search_term_string}\"},\"query-input\":{\"@type\":\"PropertyValueSpecification\",\"valueRequired\":true,\"valueName\":\"search_term_string\"}}],\"inLanguage\":\"pl-PL\"},{\"@type\":\"Organization\",\"@id\":\"https:\\\/\\\/staging.remotesensei.org\\\/pl\\\/#organization\",\"name\":\"Remote Sensei\",\"url\":\"https:\\\/\\\/staging.remotesensei.org\\\/pl\\\/\",\"logo\":{\"@type\":\"ImageObject\",\"inLanguage\":\"pl-PL\",\"@id\":\"https:\\\/\\\/staging.remotesensei.org\\\/pl\\\/#\\\/schema\\\/logo\\\/image\\\/\",\"url\":\"https:\\\/\\\/staging.remotesensei.org\\\/wp-content\\\/uploads\\\/2024\\\/10\\\/square-logo-e1728549030172.png\",\"contentUrl\":\"https:\\\/\\\/staging.remotesensei.org\\\/wp-content\\\/uploads\\\/2024\\\/10\\\/square-logo-e1728549030172.png\",\"width\":901,\"height\":901,\"caption\":\"Remote Sensei\"},\"image\":{\"@id\":\"https:\\\/\\\/staging.remotesensei.org\\\/pl\\\/#\\\/schema\\\/logo\\\/image\\\/\"}}]}<\/script>\n<!-- \/ Yoast SEO Premium plugin. -->","yoast_head_json":{"title":"[Krok 1 z 2] Rejestracja na sesj\u0119 strategiczn\u0105 po webinarze - Remote Sensei","description":"Wype\u0142nij formularz, \u017ceby um\u00f3wi\u0107 si\u0119 z ze strategiem Remote Sensei.","robots":{"index":"noindex","follow":"follow","max-snippet":"max-snippet:-1","max-image-preview":"max-image-preview:large","max-video-preview":"max-video-preview:-1"},"og_locale":"pl_PL","og_type":"article","og_title":"[Krok 1 z 2] Rejestracja na sesj\u0119 strategiczn\u0105 po webinarze","og_description":"Wype\u0142nij formularz, \u017ceby um\u00f3wi\u0107 si\u0119 z ze strategiem Remote Sensei.","og_url":"https:\/\/staging.remotesensei.org\/pl\/rejestracja-sesja-strategiczna-webinar\/","og_site_name":"Remote Sensei","article_modified_time":"2025-01-21T09:06:40+00:00","og_image":[{"width":1200,"height":630,"url":"https:\/\/staging.remotesensei.org\/wp-content\/uploads\/2022\/06\/featured-image-rezerwacja-terminu.webp","type":"image\/webp"}],"twitter_card":"summary_large_image","twitter_misc":{"Szacowany czas czytania":"2 minuty","Written by":"rubendev"},"schema":{"@context":"https:\/\/schema.org","@graph":[{"@type":"WebPage","@id":"https:\/\/staging.remotesensei.org\/pl\/rejestracja-sesja-strategiczna-webinar\/","url":"https:\/\/staging.remotesensei.org\/pl\/rejestracja-sesja-strategiczna-webinar\/","name":"[Krok 1 z 2] Rejestracja na sesj\u0119 strategiczn\u0105 po webinarze - Remote Sensei","isPartOf":{"@id":"https:\/\/staging.remotesensei.org\/pl\/#website"},"primaryImageOfPage":{"@id":"https:\/\/staging.remotesensei.org\/pl\/rejestracja-sesja-strategiczna-webinar\/#primaryimage"},"image":{"@id":"https:\/\/staging.remotesensei.org\/pl\/rejestracja-sesja-strategiczna-webinar\/#primaryimage"},"thumbnailUrl":"https:\/\/staging.remotesensei.org\/wp-content\/uploads\/2022\/06\/featured-image-rezerwacja-terminu.webp","datePublished":"2022-05-31T12:09:06+00:00","dateModified":"2025-01-21T09:06:40+00:00","description":"Wype\u0142nij formularz, \u017ceby um\u00f3wi\u0107 si\u0119 z ze strategiem Remote Sensei.","breadcrumb":{"@id":"https:\/\/staging.remotesensei.org\/pl\/rejestracja-sesja-strategiczna-webinar\/#breadcrumb"},"inLanguage":"pl-PL","potentialAction":[{"@type":"ReadAction","target":["https:\/\/staging.remotesensei.org\/pl\/rejestracja-sesja-strategiczna-webinar\/"]}]},{"@type":"ImageObject","inLanguage":"pl-PL","@id":"https:\/\/staging.remotesensei.org\/pl\/rejestracja-sesja-strategiczna-webinar\/#primaryimage","url":"https:\/\/staging.remotesensei.org\/wp-content\/uploads\/2022\/06\/featured-image-rezerwacja-terminu.webp","contentUrl":"https:\/\/staging.remotesensei.org\/wp-content\/uploads\/2022\/06\/featured-image-rezerwacja-terminu.webp","width":1200,"height":630},{"@type":"BreadcrumbList","@id":"https:\/\/staging.remotesensei.org\/pl\/rejestracja-sesja-strategiczna-webinar\/#breadcrumb","itemListElement":[{"@type":"ListItem","position":1,"name":"Home","item":"https:\/\/staging.remotesensei.org\/pl\/"},{"@type":"ListItem","position":2,"name":"[Krok 1 z 2] Rejestracja na sesj\u0119 strategiczn\u0105 po webinarze"}]},{"@type":"WebSite","@id":"https:\/\/staging.remotesensei.org\/pl\/#website","url":"https:\/\/staging.remotesensei.org\/pl\/","name":"Remote Sensei","description":"Cyfrowe transformacje z wykorzystaniem Asana, Slack, Slite","publisher":{"@id":"https:\/\/staging.remotesensei.org\/pl\/#organization"},"potentialAction":[{"@type":"SearchAction","target":{"@type":"EntryPoint","urlTemplate":"https:\/\/staging.remotesensei.org\/pl\/?s={search_term_string}"},"query-input":{"@type":"PropertyValueSpecification","valueRequired":true,"valueName":"search_term_string"}}],"inLanguage":"pl-PL"},{"@type":"Organization","@id":"https:\/\/staging.remotesensei.org\/pl\/#organization","name":"Remote Sensei","url":"https:\/\/staging.remotesensei.org\/pl\/","logo":{"@type":"ImageObject","inLanguage":"pl-PL","@id":"https:\/\/staging.remotesensei.org\/pl\/#\/schema\/logo\/image\/","url":"https:\/\/staging.remotesensei.org\/wp-content\/uploads\/2024\/10\/square-logo-e1728549030172.png","contentUrl":"https:\/\/staging.remotesensei.org\/wp-content\/uploads\/2024\/10\/square-logo-e1728549030172.png","width":901,"height":901,"caption":"Remote Sensei"},"image":{"@id":"https:\/\/staging.remotesensei.org\/pl\/#\/schema\/logo\/image\/"}}]}},"_links":{"self":[{"href":"https:\/\/staging.remotesensei.org\/pl\/wp-json\/wp\/v2\/pages\/25952","targetHints":{"allow":["GET"]}}],"collection":[{"href":"https:\/\/staging.remotesensei.org\/pl\/wp-json\/wp\/v2\/pages"}],"about":[{"href":"https:\/\/staging.remotesensei.org\/pl\/wp-json\/wp\/v2\/types\/page"}],"author":[{"embeddable":true,"href":"https:\/\/staging.remotesensei.org\/pl\/wp-json\/wp\/v2\/users\/1"}],"replies":[{"embeddable":true,"href":"https:\/\/staging.remotesensei.org\/pl\/wp-json\/wp\/v2\/comments?post=25952"}],"version-history":[{"count":0,"href":"https:\/\/staging.remotesensei.org\/pl\/wp-json\/wp\/v2\/pages\/25952\/revisions"}],"wp:featuredmedia":[{"embeddable":true,"href":"https:\/\/staging.remotesensei.org\/pl\/wp-json\/wp\/v2\/media\/26462"}],"wp:attachment":[{"href":"https:\/\/staging.remotesensei.org\/pl\/wp-json\/wp\/v2\/media?parent=25952"}],"wp:term":[{"taxonomy":"author","embeddable":true,"href":"https:\/\/staging.remotesensei.org\/pl\/wp-json\/wp\/v2\/coauthors?post=25952"}],"curies":[{"name":"wp","href":"https:\/\/api.w.org\/{rel}","templated":true}]}}